{"id":59,"date":"2024-10-31T09:17:04","date_gmt":"2024-10-31T12:17:04","guid":{"rendered":"http:\/\/controltecplagas.com.ar\/?page_id=59"},"modified":"2024-11-01T14:34:11","modified_gmt":"2024-11-01T17:34:11","slug":"servicio-mip","status":"publish","type":"page","link":"https:\/\/controltecplagas.com.ar\/?page_id=59","title":{"rendered":"Servicio MIP"},"content":{"rendered":"\n<figure class=\"wp-block-image alignfull size-full\"><img loading=\"lazy\" decoding=\"async\" width=\"806\" height=\"137\" src=\"http:\/\/controltecplagas.com.ar\/wp-content\/uploads\/2024\/10\/fondo_plagas_bdb6f.png\" alt=\"\" class=\"wp-image-67\" srcset=\"https:\/\/controltecplagas.com.ar\/wp-content\/uploads\/2024\/10\/fondo_plagas_bdb6f.png 806w, https:\/\/controltecplagas.com.ar\/wp-content\/uploads\/2024\/10\/fondo_plagas_bdb6f-300x51.png 300w, https:\/\/controltecplagas.com.ar\/wp-content\/uploads\/2024\/10\/fondo_plagas_bdb6f-768x131.png 768w\" sizes=\"auto, (max-width: 806px) 100vw, 806px\" \/><\/figure>\n\n\n\n<h1 class=\"wp-block-heading\">Manejo Integrado de Plagas<\/h1>\n\n\n\n<p>Son servicios especiales dirigidos a empresas y comercios en los que se estipula una frecuencia de visitas semanales, quincenales o mensuales y en los que se programan las actividades que se realizar\u00e1n.<\/p>\n\n\n\n<div class=\"wp-block-columns is-layout-flex wp-container-core-columns-is-layout-9d6595d7 wp-block-columns-is-layout-flex\">\n<div class=\"wp-block-column is-layout-flow wp-block-column-is-layout-flow\">\n<h3 class=\"wp-block-heading\">1 &#8211; Inspecci\u00f3n<\/h3>\n<\/div>\n\n\n\n<div class=\"wp-block-column is-layout-flow wp-block-column-is-layout-flow\">\n<p>Se realiza en primera instancia una profunda inspecci\u00f3n de las instalaciones para evaluar la situaci\u00f3n de la plaga a controlar; lugar de alimentaci\u00f3n, lugar de reproducci\u00f3n, refugio, etc.<\/p>\n<\/div>\n<\/div>\n\n\n\n<div class=\"wp-block-columns is-layout-flex wp-container-core-columns-is-layout-9d6595d7 wp-block-columns-is-layout-flex\">\n<div class=\"wp-block-column is-layout-flow wp-block-column-is-layout-flow\">\n<h3 class=\"wp-block-heading\">2 &#8211; Manejo de las condiciones<\/h3>\n<\/div>\n\n\n\n<div class=\"wp-block-column is-layout-flow wp-block-column-is-layout-flow\">\n<p>Se trabaja sobre las condiciones que favorecen al desarrollo de la plaga eliminando fuentes de alimentaci\u00f3n y refugio. Para ello se trabaja sobre el manejo de residuos, medidas de exclusi\u00f3n en dep\u00f3sito de insumos o productos terminados<\/p>\n<\/div>\n<\/div>\n\n\n\n<div class=\"wp-block-columns is-layout-flex wp-container-core-columns-is-layout-9d6595d7 wp-block-columns-is-layout-flex\">\n<div class=\"wp-block-column is-layout-flow wp-block-column-is-layout-flow\">\n<h3 class=\"wp-block-heading\">3 &#8211; Monitoreo<\/h3>\n<\/div>\n\n\n\n<div class=\"wp-block-column is-layout-flow wp-block-column-is-layout-flow\">\n<p>Se instalan dispositivos para monitorear e identificar qu\u00e9 tipo de plaga se encuentra presente. Trampas y cebaderos para roedores; trampas de luz para insectos. En ambos casos se fija una frecuencia de revisi\u00f3n para controlar el desarrollo de la situaci\u00f3n.<\/p>\n<\/div>\n<\/div>\n\n\n\n<div class=\"wp-block-columns is-layout-flex wp-container-core-columns-is-layout-9d6595d7 wp-block-columns-is-layout-flex\">\n<div class=\"wp-block-column is-layout-flow wp-block-column-is-layout-flow\">\n<h3 class=\"wp-block-heading\">4 &#8211; Aplicaciones<\/h3>\n<\/div>\n\n\n\n<div class=\"wp-block-column is-layout-flow wp-block-column-is-layout-flow\">\n<p>Aplicaci\u00f3n de insecticidas l\u00edquidos, cebos en gel, raticidas en cajas cebaderas o trampas para roedores. Las aplicaciones se programan para realizar en momentos que no se interfiera con la actividad desarrollada por el cliente. Por ejemplo procesos productivos de elaboraci\u00f3n de alimentos.<\/p>\n<\/div>\n<\/div>\n\n\n\n<div class=\"wp-block-columns is-layout-flex wp-container-core-columns-is-layout-9d6595d7 wp-block-columns-is-layout-flex\">\n<div class=\"wp-block-column is-layout-flow wp-block-column-is-layout-flow\" style=\"flex-basis:33.33%\">\n<h3 class=\"wp-block-heading\">Documentaci\u00f3n<\/h3>\n\n\n\n<p><strong>Planilla de registro de acciones de control<\/strong><\/p>\n\n\n\n<p><strong>Plano con ubicaci\u00f3n de dispositivos<\/strong><\/p>\n\n\n\n<p><strong>Informes de tendencias de evoluci\u00f3n de las plagas<\/strong><\/p>\n\n\n\n<p><strong>Certificados de aprobaci\u00f3n de productos (SENASA y\/o ANMAT)<\/strong><\/p>\n\n\n\n<p><strong>Certificado del servicio seg\u00fan requerimientos municipales<\/strong><\/p>\n\n\n\n<p><strong>Certificado de habilitaci\u00f3n de la empresa<\/strong><\/p>\n\n\n\n<p><strong>Recetas Agron\u00f3micas<\/strong><\/p>\n<\/div>\n\n\n\n<div class=\"wp-block-column is-layout-flow wp-block-column-is-layout-flow\" style=\"flex-basis:66.66%\">\n<figure class=\"wp-block-image size-full\"><img loading=\"lazy\" decoding=\"async\" width=\"1054\" height=\"513\" src=\"http:\/\/controltecplagas.com.ar\/wp-content\/uploads\/2024\/10\/Planilla-MIP.png\" alt=\"\" class=\"wp-image-65\" srcset=\"https:\/\/controltecplagas.com.ar\/wp-content\/uploads\/2024\/10\/Planilla-MIP.png 1054w, https:\/\/controltecplagas.com.ar\/wp-content\/uploads\/2024\/10\/Planilla-MIP-300x146.png 300w, https:\/\/controltecplagas.com.ar\/wp-content\/uploads\/2024\/10\/Planilla-MIP-1024x498.png 1024w, https:\/\/controltecplagas.com.ar\/wp-content\/uploads\/2024\/10\/Planilla-MIP-768x374.png 768w\" sizes=\"auto, (max-width: 1054px) 100vw, 1054px\" \/><\/figure>\n<\/div>\n<\/div>\n","protected":false},"excerpt":{"rendered":"<p>Manejo Integrado de Plagas Son servicios especiales dirigidos a empresas y comercios en los que se estipula una frecuencia de visitas semanales, quincenales o mensuales y en los que se programan las actividades que se realizar\u00e1n. 1 &#8211; Inspecci\u00f3n Se realiza en primera instancia una profunda inspecci\u00f3n de las instalaciones para evaluar la situaci\u00f3n de <a class=\"read-more\" href=\"https:\/\/controltecplagas.com.ar\/?page_id=59\">READ MORE<\/a><\/p>\n","protected":false},"author":1,"featured_media":67,"parent":0,"menu_order":0,"comment_status":"closed","ping_status":"closed","template":"","meta":{"footnotes":""},"class_list":["post-59","page","type-page","status-publish","has-post-thumbnail","hentry"],"_links":{"self":[{"href":"https:\/\/controltecplagas.com.ar\/index.php?rest_route=\/wp\/v2\/pages\/59","targetHints":{"allow":["GET"]}}],"collection":[{"href":"https:\/\/controltecplagas.com.ar\/index.php?rest_route=\/wp\/v2\/pages"}],"about":[{"href":"https:\/\/controltecplagas.com.ar\/index.php?rest_route=\/wp\/v2\/types\/page"}],"author":[{"embeddable":true,"href":"https:\/\/controltecplagas.com.ar\/index.php?rest_route=\/wp\/v2\/users\/1"}],"replies":[{"embeddable":true,"href":"https:\/\/controltecplagas.com.ar\/index.php?rest_route=%2Fwp%2Fv2%2Fcomments&post=59"}],"version-history":[{"count":8,"href":"https:\/\/controltecplagas.com.ar\/index.php?rest_route=\/wp\/v2\/pages\/59\/revisions"}],"predecessor-version":[{"id":105,"href":"https:\/\/controltecplagas.com.ar\/index.php?rest_route=\/wp\/v2\/pages\/59\/revisions\/105"}],"wp:featuredmedia":[{"embeddable":true,"href":"https:\/\/controltecplagas.com.ar\/index.php?rest_route=\/wp\/v2\/media\/67"}],"wp:attachment":[{"href":"https:\/\/controltecplagas.com.ar\/index.php?rest_route=%2Fwp%2Fv2%2Fmedia&parent=59"}],"curies":[{"name":"wp","href":"https:\/\/api.w.org\/{rel}","templated":true}]}}