{"id":28,"date":"2024-10-31T08:17:19","date_gmt":"2024-10-31T11:17:19","guid":{"rendered":"http:\/\/controltecplagas.com.ar\/?page_id=28"},"modified":"2024-10-31T08:44:31","modified_gmt":"2024-10-31T11:44:31","slug":"nuestros-servicios","status":"publish","type":"page","link":"https:\/\/controltecplagas.com.ar\/?page_id=28","title":{"rendered":"Nuestros servicios"},"content":{"rendered":"\n<div class=\"wp-block-columns is-layout-flex wp-container-core-columns-is-layout-9d6595d7 wp-block-columns-is-layout-flex\">\n<div class=\"wp-block-column is-layout-flow wp-block-column-is-layout-flow\">\n<h3 class=\"wp-block-heading\">Desinsectaciones<\/h3>\n<\/div>\n\n\n\n<div class=\"wp-block-column is-layout-flow wp-block-column-is-layout-flow\">\n<p>Control de insectos rastreros y voladores. Contamos con la utilizaci\u00f3n de insecticidas aprobados por la Anmat y\/o SENASA. Realizamos todo tipo de aplicaciones, Insecticidas l\u00edquidos, cebos en gel.<\/p>\n<\/div>\n\n\n\n<div class=\"wp-block-column is-layout-flow wp-block-column-is-layout-flow\">\n<figure class=\"wp-block-image size-full\"><img loading=\"lazy\" decoding=\"async\" width=\"540\" height=\"244\" src=\"http:\/\/controltecplagas.com.ar\/wp-content\/uploads\/2024\/10\/Fumigaciones_2a78c-1.webp\" alt=\"\" class=\"wp-image-29\" srcset=\"https:\/\/controltecplagas.com.ar\/wp-content\/uploads\/2024\/10\/Fumigaciones_2a78c-1.webp 540w, https:\/\/controltecplagas.com.ar\/wp-content\/uploads\/2024\/10\/Fumigaciones_2a78c-1-300x136.webp 300w\" sizes=\"auto, (max-width: 540px) 100vw, 540px\" \/><\/figure>\n<\/div>\n<\/div>\n\n\n\n<hr class=\"wp-block-separator has-text-color has-vivid-green-cyan-color has-alpha-channel-opacity has-vivid-green-cyan-background-color has-background\"\/>\n\n\n\n<div class=\"wp-block-columns is-layout-flex wp-container-core-columns-is-layout-9d6595d7 wp-block-columns-is-layout-flex\">\n<div class=\"wp-block-column is-layout-flow wp-block-column-is-layout-flow\">\n<h3 class=\"wp-block-heading\">Desratizaciones<\/h3>\n<\/div>\n\n\n\n<div class=\"wp-block-column is-layout-flow wp-block-column-is-layout-flow\">\n<p>Colocaci\u00f3n de cajas cebaderas con cebos en bloque, trampas mec\u00e1nicas, pegamentosas y trampas jaula.<\/p>\n<\/div>\n\n\n\n<div class=\"wp-block-column is-layout-flow wp-block-column-is-layout-flow\">\n<figure class=\"wp-block-image size-full\"><img loading=\"lazy\" decoding=\"async\" width=\"540\" height=\"244\" src=\"http:\/\/controltecplagas.com.ar\/wp-content\/uploads\/2024\/10\/Desratizaciones.png\" alt=\"\" class=\"wp-image-37\" srcset=\"https:\/\/controltecplagas.com.ar\/wp-content\/uploads\/2024\/10\/Desratizaciones.png 540w, https:\/\/controltecplagas.com.ar\/wp-content\/uploads\/2024\/10\/Desratizaciones-300x136.png 300w\" sizes=\"auto, (max-width: 540px) 100vw, 540px\" \/><\/figure>\n<\/div>\n<\/div>\n\n\n\n<hr class=\"wp-block-separator has-text-color has-vivid-green-cyan-color has-alpha-channel-opacity has-vivid-green-cyan-background-color has-background\"\/>\n\n\n\n<div class=\"wp-block-columns is-layout-flex wp-container-core-columns-is-layout-9d6595d7 wp-block-columns-is-layout-flex\">\n<div class=\"wp-block-column is-layout-flow wp-block-column-is-layout-flow\">\n<h3 class=\"wp-block-heading\">Control de aves<br><\/h3>\n<\/div>\n\n\n\n<div class=\"wp-block-column is-layout-flow wp-block-column-is-layout-flow\">\n<p>Trampeado, colocaci\u00f3n de pinches antiposado, falsos bordes, cerramientos con redes<\/p>\n<\/div>\n\n\n\n<div class=\"wp-block-column is-layout-flow wp-block-column-is-layout-flow\">\n<figure class=\"wp-block-image size-full\"><img loading=\"lazy\" decoding=\"async\" width=\"540\" height=\"244\" src=\"http:\/\/controltecplagas.com.ar\/wp-content\/uploads\/2024\/10\/Control-de-aves.png\" alt=\"\" class=\"wp-image-38\" srcset=\"https:\/\/controltecplagas.com.ar\/wp-content\/uploads\/2024\/10\/Control-de-aves.png 540w, https:\/\/controltecplagas.com.ar\/wp-content\/uploads\/2024\/10\/Control-de-aves-300x136.png 300w\" sizes=\"auto, (max-width: 540px) 100vw, 540px\" \/><\/figure>\n<\/div>\n<\/div>\n\n\n\n<hr class=\"wp-block-separator has-text-color has-vivid-green-cyan-color has-alpha-channel-opacity has-vivid-green-cyan-background-color has-background\"\/>\n\n\n\n<div class=\"wp-block-columns is-layout-flex wp-container-core-columns-is-layout-9d6595d7 wp-block-columns-is-layout-flex\">\n<div class=\"wp-block-column is-layout-flow wp-block-column-is-layout-flow\">\n<h3 class=\"wp-block-heading\">Servicios especiales de curado de silos para almacenamiento de granos y sistema de encarpado con polietileno en estibas.<\/h3>\n<\/div>\n\n\n\n<div class=\"wp-block-column is-layout-flow wp-block-column-is-layout-flow\">\n<p>Aplicaciones en interiores de silos en transici\u00f3n para control de gorgojos.<\/p>\n\n\n\n<p>Tratamiento de estibas con fosfuro.<\/p>\n\n\n\n<p>Contamos con el personal entrenado para este tipo de aplicaciones, utilizando todas las normas de seguridad.<\/p>\n<\/div>\n\n\n\n<div class=\"wp-block-column is-layout-flow wp-block-column-is-layout-flow\">\n<figure class=\"wp-block-image size-full\"><img loading=\"lazy\" decoding=\"async\" width=\"540\" height=\"244\" src=\"http:\/\/controltecplagas.com.ar\/wp-content\/uploads\/2024\/10\/Servicios-Especiales.png\" alt=\"\" class=\"wp-image-39\" srcset=\"https:\/\/controltecplagas.com.ar\/wp-content\/uploads\/2024\/10\/Servicios-Especiales.png 540w, https:\/\/controltecplagas.com.ar\/wp-content\/uploads\/2024\/10\/Servicios-Especiales-300x136.png 300w\" sizes=\"auto, (max-width: 540px) 100vw, 540px\" \/><\/figure>\n<\/div>\n<\/div>\n\n\n\n<hr class=\"wp-block-separator has-text-color has-vivid-green-cyan-color has-alpha-channel-opacity has-vivid-green-cyan-background-color has-background\"\/>\n\n\n\n<div class=\"wp-block-columns is-layout-flex wp-container-core-columns-is-layout-9d6595d7 wp-block-columns-is-layout-flex\">\n<div class=\"wp-block-column is-layout-flow wp-block-column-is-layout-flow\">\n<h3 class=\"wp-block-heading\">Servicios especiales a caballerizas<\/h3>\n<\/div>\n\n\n\n<div class=\"wp-block-column is-layout-flow wp-block-column-is-layout-flow\">\n<p>Montado de sistema de fumigaci\u00f3n automatizado para control de mosca de los establos. (consultar especialmente)<\/p>\n<\/div>\n\n\n\n<div class=\"wp-block-column is-layout-flow wp-block-column-is-layout-flow\">\n<figure class=\"wp-block-image size-full\"><img loading=\"lazy\" decoding=\"async\" width=\"364\" height=\"165\" src=\"http:\/\/controltecplagas.com.ar\/wp-content\/uploads\/2024\/10\/Caballeriza.png\" alt=\"\" class=\"wp-image-40\" srcset=\"https:\/\/controltecplagas.com.ar\/wp-content\/uploads\/2024\/10\/Caballeriza.png 364w, https:\/\/controltecplagas.com.ar\/wp-content\/uploads\/2024\/10\/Caballeriza-300x136.png 300w\" sizes=\"auto, (max-width: 364px) 100vw, 364px\" \/><\/figure>\n<\/div>\n<\/div>\n\n\n\n<hr class=\"wp-block-separator has-text-color has-vivid-green-cyan-color has-alpha-channel-opacity has-vivid-green-cyan-background-color has-background\"\/>\n\n\n\n<div class=\"wp-block-columns is-layout-flex wp-container-core-columns-is-layout-9d6595d7 wp-block-columns-is-layout-flex\">\n<div class=\"wp-block-column is-layout-flow wp-block-column-is-layout-flow\">\n<h3 class=\"wp-block-heading\">Control de mosquitos<\/h3>\n<\/div>\n\n\n\n<div class=\"wp-block-column is-layout-flow wp-block-column-is-layout-flow\">\n<p>Aplicaciones exteriores en empresas, instituciones y domicilios particulares.<\/p>\n<\/div>\n\n\n\n<div class=\"wp-block-column is-layout-flow wp-block-column-is-layout-flow\">\n<figure class=\"wp-block-image size-full\"><img loading=\"lazy\" decoding=\"async\" width=\"540\" height=\"244\" src=\"http:\/\/controltecplagas.com.ar\/wp-content\/uploads\/2024\/10\/fumigacion-pasto_9b71b.png\" alt=\"\" class=\"wp-image-41\" srcset=\"https:\/\/controltecplagas.com.ar\/wp-content\/uploads\/2024\/10\/fumigacion-pasto_9b71b.png 540w, https:\/\/controltecplagas.com.ar\/wp-content\/uploads\/2024\/10\/fumigacion-pasto_9b71b-300x136.png 300w\" sizes=\"auto, (max-width: 540px) 100vw, 540px\" \/><\/figure>\n<\/div>\n<\/div>\n\n\n\n<p><\/p>\n","protected":false},"excerpt":{"rendered":"<p>Desinsectaciones Control de insectos rastreros y voladores. Contamos con la utilizaci\u00f3n de insecticidas aprobados por la Anmat y\/o SENASA. Realizamos todo tipo de aplicaciones, Insecticidas l\u00edquidos, cebos en gel. Desratizaciones Colocaci\u00f3n de cajas cebaderas con cebos en bloque, trampas mec\u00e1nicas, pegamentosas y trampas jaula. Control de aves Trampeado, colocaci\u00f3n de pinches antiposado, falsos bordes, cerramientos <a class=\"read-more\" href=\"https:\/\/controltecplagas.com.ar\/?page_id=28\">READ MORE<\/a><\/p>\n","protected":false},"author":1,"featured_media":0,"parent":0,"menu_order":0,"comment_status":"closed","ping_status":"closed","template":"","meta":{"footnotes":""},"class_list":["post-28","page","type-page","status-publish","hentry"],"_links":{"self":[{"href":"https:\/\/controltecplagas.com.ar\/index.php?rest_route=\/wp\/v2\/pages\/28","targetHints":{"allow":["GET"]}}],"collection":[{"href":"https:\/\/controltecplagas.com.ar\/index.php?rest_route=\/wp\/v2\/pages"}],"about":[{"href":"https:\/\/controltecplagas.com.ar\/index.php?rest_route=\/wp\/v2\/types\/page"}],"author":[{"embeddable":true,"href":"https:\/\/controltecplagas.com.ar\/index.php?rest_route=\/wp\/v2\/users\/1"}],"replies":[{"embeddable":true,"href":"https:\/\/controltecplagas.com.ar\/index.php?rest_route=%2Fwp%2Fv2%2Fcomments&post=28"}],"version-history":[{"count":2,"href":"https:\/\/controltecplagas.com.ar\/index.php?rest_route=\/wp\/v2\/pages\/28\/revisions"}],"predecessor-version":[{"id":42,"href":"https:\/\/controltecplagas.com.ar\/index.php?rest_route=\/wp\/v2\/pages\/28\/revisions\/42"}],"wp:attachment":[{"href":"https:\/\/controltecplagas.com.ar\/index.php?rest_route=%2Fwp%2Fv2%2Fmedia&parent=28"}],"curies":[{"name":"wp","href":"https:\/\/api.w.org\/{rel}","templated":true}]}}