{"id":17,"date":"2024-10-30T14:07:21","date_gmt":"2024-10-30T17:07:21","guid":{"rendered":"http:\/\/controltecplagas.com.ar\/?page_id=17"},"modified":"2025-04-21T07:57:18","modified_gmt":"2025-04-21T10:57:18","slug":"sobre-nosotros","status":"publish","type":"page","link":"https:\/\/controltecplagas.com.ar\/?page_id=17","title":{"rendered":"Sobre Nosotros"},"content":{"rendered":"\n<div class=\"wp-block-columns is-layout-flex wp-container-core-columns-is-layout-9d6595d7 wp-block-columns-is-layout-flex\">\n<div class=\"wp-block-column is-layout-flow wp-block-column-is-layout-flow\">\n<p>Nos dedicamos al control de plagas en empresas, comercios y el hogar.<\/p>\n\n\n\n<h3 class=\"wp-block-heading\">Contamos con m\u00e1s de quince a\u00f1os de experiencia aplicando las t\u00e9cnicas adecuadas para cada situaci\u00f3n de problemas de plagas.<\/h3>\n\n\n\n<p><\/p>\n<\/div>\n\n\n\n<div class=\"wp-block-column is-layout-flow wp-block-column-is-layout-flow\">\n<p>Las plagas suelen ocasionar molestias en nuestra vida cotidiana compitiendo por recursos y espacios. El control adecuado de las mismas ayuda a disminuir sus efectos e impacto sobre los ambientes en los que nos desarrollamos.<\/p>\n\n\n\n<p>Para ello utilizamos una amplia gama de productos y maquinarias para atender cada caso de presencia de plagas.<\/p>\n\n\n\n<p>Contamos con la habilitaci\u00f3n del Ministerio de desarrollo Agrario de la Provincia de Buenos Aires y todos los productos utilizados cuentan con la habilitaci\u00f3n del SENASA y\/o la ANMAT.<\/p>\n\n\n\n<p>Asistimos a capacitaciones sobre nuevas t\u00e9cnicas y productos para mejorar constantemente la calidad del servicio y capacitaciones en Seguridad e Higiene para minimizar los posibles riesgos en nuestros trabajos conociendo todas las normas de seguridad.<\/p>\n\n\n\n<p>Contamos con el asesoramiento de un Director T\u00e9cnico que nos provee las recetas agron\u00f3micas de los productos insecticidas y raticidas utilizados.<\/p>\n<\/div>\n<\/div>\n\n\n\n<h1 class=\"wp-block-heading has-text-align-center\">Nuestros clientes<\/h1>\n\n\n\n<div class=\"wp-block-group\"><div class=\"wp-block-group__inner-container is-layout-constrained wp-block-group-is-layout-constrained\">\n<div class=\"wp-block-group\"><div class=\"wp-block-group__inner-container is-layout-constrained wp-block-group-is-layout-constrained\">\n<figure class=\"wp-block-gallery has-nested-images columns-default is-cropped wp-block-gallery-1 is-layout-flex wp-block-gallery-is-layout-flex\">\n<figure class=\"wp-block-image size-large\"><img loading=\"lazy\" decoding=\"async\" width=\"225\" height=\"225\" data-id=\"132\" src=\"https:\/\/controltecplagas.com.ar\/wp-content\/uploads\/2025\/04\/ypf-logo.jpg\" alt=\"\" class=\"wp-image-132\" srcset=\"https:\/\/controltecplagas.com.ar\/wp-content\/uploads\/2025\/04\/ypf-logo.jpg 225w, https:\/\/controltecplagas.com.ar\/wp-content\/uploads\/2025\/04\/ypf-logo-150x150.jpg 150w\" sizes=\"auto, (max-width: 225px) 100vw, 225px\" \/><\/figure>\n\n\n\n<figure class=\"wp-block-image size-large\"><img loading=\"lazy\" decoding=\"async\" width=\"255\" height=\"255\" data-id=\"92\" src=\"https:\/\/controltecplagas.com.ar\/wp-content\/uploads\/2024\/10\/logo_tres_cruces_1c0bf.png\" alt=\"\" class=\"wp-image-92\" srcset=\"https:\/\/controltecplagas.com.ar\/wp-content\/uploads\/2024\/10\/logo_tres_cruces_1c0bf.png 255w, https:\/\/controltecplagas.com.ar\/wp-content\/uploads\/2024\/10\/logo_tres_cruces_1c0bf-150x150.png 150w\" sizes=\"auto, (max-width: 255px) 100vw, 255px\" \/><\/figure>\n\n\n\n<figure class=\"wp-block-image size-large\"><img loading=\"lazy\" decoding=\"async\" width=\"200\" height=\"200\" data-id=\"91\" src=\"https:\/\/controltecplagas.com.ar\/wp-content\/uploads\/2024\/10\/logo_baum_d1c87.png\" alt=\"\" class=\"wp-image-91\" srcset=\"https:\/\/controltecplagas.com.ar\/wp-content\/uploads\/2024\/10\/logo_baum_d1c87.png 200w, https:\/\/controltecplagas.com.ar\/wp-content\/uploads\/2024\/10\/logo_baum_d1c87-150x150.png 150w\" sizes=\"auto, (max-width: 200px) 100vw, 200px\" \/><\/figure>\n\n\n\n<figure class=\"wp-block-image size-full\"><img loading=\"lazy\" decoding=\"async\" width=\"730\" height=\"730\" data-id=\"114\" src=\"https:\/\/controltecplagas.com.ar\/wp-content\/uploads\/2024\/11\/acerolatina-logo-2.png\" alt=\"\" class=\"wp-image-114\" srcset=\"https:\/\/controltecplagas.com.ar\/wp-content\/uploads\/2024\/11\/acerolatina-logo-2.png 730w, https:\/\/controltecplagas.com.ar\/wp-content\/uploads\/2024\/11\/acerolatina-logo-2-300x300.png 300w, https:\/\/controltecplagas.com.ar\/wp-content\/uploads\/2024\/11\/acerolatina-logo-2-150x150.png 150w\" sizes=\"auto, (max-width: 730px) 100vw, 730px\" \/><\/figure>\n\n\n\n<figure class=\"wp-block-image size-large\"><img loading=\"lazy\" decoding=\"async\" width=\"223\" height=\"223\" data-id=\"93\" src=\"https:\/\/controltecplagas.com.ar\/wp-content\/uploads\/2024\/10\/logo_biofarm_e8a7f.png\" alt=\"\" class=\"wp-image-93\" srcset=\"https:\/\/controltecplagas.com.ar\/wp-content\/uploads\/2024\/10\/logo_biofarm_e8a7f.png 223w, https:\/\/controltecplagas.com.ar\/wp-content\/uploads\/2024\/10\/logo_biofarm_e8a7f-150x150.png 150w\" sizes=\"auto, (max-width: 223px) 100vw, 223px\" \/><\/figure>\n\n\n\n<figure class=\"wp-block-image size-large\"><img loading=\"lazy\" decoding=\"async\" width=\"255\" height=\"255\" data-id=\"90\" src=\"https:\/\/controltecplagas.com.ar\/wp-content\/uploads\/2024\/10\/logo_argensun_c0ea1.png\" alt=\"\" class=\"wp-image-90\" srcset=\"https:\/\/controltecplagas.com.ar\/wp-content\/uploads\/2024\/10\/logo_argensun_c0ea1.png 255w, https:\/\/controltecplagas.com.ar\/wp-content\/uploads\/2024\/10\/logo_argensun_c0ea1-150x150.png 150w\" sizes=\"auto, (max-width: 255px) 100vw, 255px\" \/><\/figure>\n\n\n\n<figure class=\"wp-block-image size-large\"><img loading=\"lazy\" decoding=\"async\" width=\"255\" height=\"255\" data-id=\"94\" src=\"https:\/\/controltecplagas.com.ar\/wp-content\/uploads\/2024\/10\/logo_la_estrella_13fc8.png\" alt=\"\" class=\"wp-image-94\" srcset=\"https:\/\/controltecplagas.com.ar\/wp-content\/uploads\/2024\/10\/logo_la_estrella_13fc8.png 255w, https:\/\/controltecplagas.com.ar\/wp-content\/uploads\/2024\/10\/logo_la_estrella_13fc8-150x150.png 150w\" sizes=\"auto, (max-width: 255px) 100vw, 255px\" \/><\/figure>\n\n\n\n<figure class=\"wp-block-image size-large\"><img loading=\"lazy\" decoding=\"async\" width=\"255\" height=\"255\" data-id=\"95\" src=\"https:\/\/controltecplagas.com.ar\/wp-content\/uploads\/2024\/10\/logo_la_parmesana_32916.png\" alt=\"\" class=\"wp-image-95\" srcset=\"https:\/\/controltecplagas.com.ar\/wp-content\/uploads\/2024\/10\/logo_la_parmesana_32916.png 255w, https:\/\/controltecplagas.com.ar\/wp-content\/uploads\/2024\/10\/logo_la_parmesana_32916-150x150.png 150w\" sizes=\"auto, (max-width: 255px) 100vw, 255px\" \/><\/figure>\n\n\n\n<figure class=\"wp-block-image size-large\"><img loading=\"lazy\" decoding=\"async\" width=\"239\" height=\"239\" data-id=\"96\" src=\"https:\/\/controltecplagas.com.ar\/wp-content\/uploads\/2024\/10\/logo_magromer_451bf.png\" alt=\"\" class=\"wp-image-96\" srcset=\"https:\/\/controltecplagas.com.ar\/wp-content\/uploads\/2024\/10\/logo_magromer_451bf.png 239w, https:\/\/controltecplagas.com.ar\/wp-content\/uploads\/2024\/10\/logo_magromer_451bf-150x150.png 150w\" sizes=\"auto, (max-width: 239px) 100vw, 239px\" \/><\/figure>\n\n\n\n<figure class=\"wp-block-image size-large\"><img loading=\"lazy\" decoding=\"async\" width=\"225\" height=\"225\" data-id=\"97\" src=\"https:\/\/controltecplagas.com.ar\/wp-content\/uploads\/2024\/10\/logo_poullion_4f5c6.png\" alt=\"\" class=\"wp-image-97\" srcset=\"https:\/\/controltecplagas.com.ar\/wp-content\/uploads\/2024\/10\/logo_poullion_4f5c6.png 225w, https:\/\/controltecplagas.com.ar\/wp-content\/uploads\/2024\/10\/logo_poullion_4f5c6-150x150.png 150w\" sizes=\"auto, (max-width: 225px) 100vw, 225px\" \/><\/figure>\n\n\n\n<figure class=\"wp-block-image size-large\"><img loading=\"lazy\" decoding=\"async\" width=\"255\" height=\"255\" data-id=\"98\" src=\"https:\/\/controltecplagas.com.ar\/wp-content\/uploads\/2024\/10\/logo_terrafertil_179ab.png\" alt=\"\" class=\"wp-image-98\" srcset=\"https:\/\/controltecplagas.com.ar\/wp-content\/uploads\/2024\/10\/logo_terrafertil_179ab.png 255w, https:\/\/controltecplagas.com.ar\/wp-content\/uploads\/2024\/10\/logo_terrafertil_179ab-150x150.png 150w\" sizes=\"auto, (max-width: 255px) 100vw, 255px\" \/><\/figure>\n\n\n\n<figure class=\"wp-block-image size-large\"><img loading=\"lazy\" decoding=\"async\" width=\"224\" height=\"224\" data-id=\"112\" src=\"https:\/\/controltecplagas.com.ar\/wp-content\/uploads\/2024\/11\/logo-sin-tacc.jpg\" alt=\"\" class=\"wp-image-112\" srcset=\"https:\/\/controltecplagas.com.ar\/wp-content\/uploads\/2024\/11\/logo-sin-tacc.jpg 224w, https:\/\/controltecplagas.com.ar\/wp-content\/uploads\/2024\/11\/logo-sin-tacc-150x150.jpg 150w\" sizes=\"auto, (max-width: 224px) 100vw, 224px\" \/><\/figure>\n<\/figure>\n<\/div><\/div>\n<\/div><\/div>\n\n\n\n<p><\/p>\n","protected":false},"excerpt":{"rendered":"<p>Nos dedicamos al control de plagas en empresas, comercios y el hogar. Contamos con m\u00e1s de quince a\u00f1os de experiencia aplicando las t\u00e9cnicas adecuadas para cada situaci\u00f3n de problemas de plagas. Las plagas suelen ocasionar molestias en nuestra vida cotidiana compitiendo por recursos y espacios. El control adecuado de las mismas ayuda a disminuir sus <a class=\"read-more\" href=\"https:\/\/controltecplagas.com.ar\/?page_id=17\">READ MORE<\/a><\/p>\n","protected":false},"author":1,"featured_media":18,"parent":0,"menu_order":0,"comment_status":"closed","ping_status":"closed","template":"","meta":{"footnotes":""},"class_list":["post-17","page","type-page","status-publish","has-post-thumbnail","hentry"],"_links":{"self":[{"href":"https:\/\/controltecplagas.com.ar\/index.php?rest_route=\/wp\/v2\/pages\/17","targetHints":{"allow":["GET"]}}],"collection":[{"href":"https:\/\/controltecplagas.com.ar\/index.php?rest_route=\/wp\/v2\/pages"}],"about":[{"href":"https:\/\/controltecplagas.com.ar\/index.php?rest_route=\/wp\/v2\/types\/page"}],"author":[{"embeddable":true,"href":"https:\/\/controltecplagas.com.ar\/index.php?rest_route=\/wp\/v2\/users\/1"}],"replies":[{"embeddable":true,"href":"https:\/\/controltecplagas.com.ar\/index.php?rest_route=%2Fwp%2Fv2%2Fcomments&post=17"}],"version-history":[{"count":16,"href":"https:\/\/controltecplagas.com.ar\/index.php?rest_route=\/wp\/v2\/pages\/17\/revisions"}],"predecessor-version":[{"id":147,"href":"https:\/\/controltecplagas.com.ar\/index.php?rest_route=\/wp\/v2\/pages\/17\/revisions\/147"}],"wp:featuredmedia":[{"embeddable":true,"href":"https:\/\/controltecplagas.com.ar\/index.php?rest_route=\/wp\/v2\/media\/18"}],"wp:attachment":[{"href":"https:\/\/controltecplagas.com.ar\/index.php?rest_route=%2Fwp%2Fv2%2Fmedia&parent=17"}],"curies":[{"name":"wp","href":"https:\/\/api.w.org\/{rel}","templated":true}]}}